{"id":2129,"date":"2025-09-27T11:35:22","date_gmt":"2025-09-27T09:35:22","guid":{"rendered":"https:\/\/www.caregiving-tests.de\/?page_id=2129"},"modified":"2026-02-20T10:39:04","modified_gmt":"2026-02-20T09:39:04","slug":"e-adl-forschung","status":"publish","type":"page","link":"https:\/\/www.caregiving-tests.de\/en\/e-adl-forschung\/","title":{"rendered":"Research &#8211; E-ADL"},"content":{"rendered":"<p>Below you can find a selection of research projects and studies that have used the Erlangen Test of Activities of Daily Living (E-ADL). The list is not intended to be exhaustive. If your project ist not listed here, please contact us <a href=\"https:\/\/www.caregiving-tests.de\/wp-admin\/customize.php?theme=fau-events&amp;return=https%3A%2F%2Fwww.caregiving-tests.de%2Fwp-admin%2Fthemes.php\">here<\/a>.<\/p>\n<p><strong>Reviews<\/strong><\/p>\n<ul>\n<li>Folkerts, A. K., Roheger, M., Franklin, J., Middelstaedt, J., &amp; Kalbe, E. (2017). Cognitive interventions in patients with dementia living in long-term care facilities: Systematic review and meta-analysis.\u00a0<i>Archives of Gerontology and Geriatrics<\/i>,\u00a0<i>73<\/i>, 204-221.<\/li>\n<li>Palm, R., J\u00fcnger, S., Reuther, S., Schwab, C. G., Dichter, M. N., Holle, B., &amp; Halek, M. (2016). People with dementia in nursing home research: a methodological review of the definition and identification of the study population.\u00a0<i>BMC Geriatrics<\/i>,\u00a0<i>16<\/i>, 1-23.<\/li>\n<li>Rahmati, M., Renou, T., Del Duca, S., El Ouazzani, H., Aim, M. A., Smith, L., &#8230; &amp; Baumstarck, K. (2026). A global gap in autonomy assessment among older adults: a COSMIN systematic review.\u00a0<i>The Lancet Healthy Longevity<\/i>.<\/li>\n<\/ul>\n<p><strong>China<\/strong><\/p>\n<ul>\n<li>Scheuermann, J. S., Scheerbaum, P., Liu, Y., Ding, Y., Lu, J., Zhong, M., &#8230; &amp; Kratzer, A. (2025). SinoMAKS\u2014protocol of a randomised controlled trial to evaluate the Chinese version of the non-pharmacological, multimodal MAKS intervention for people with mild to moderate dementia in Chinese nursing homes.\u00a0<i>BMJ Open<\/i>,\u00a0<i>15<\/i>(4), e093618.<\/li>\n<\/ul>\n<p><strong>Germany<\/strong><\/p>\n<ul>\n<li>Barisch-Fritz, B., Shah, J., Krafft, J., Geda, Y. E., Wu, T., Woll, A., &amp; Krell-Roesch, J. (2025). Physical activity and the outcome of cognitive trajectory: a machine learning approach.\u00a0<i>European Review of Aging and Physical Activity<\/i>,\u00a0<i>22<\/i>(1), 1.<\/li>\n<li>Bezold, J., Trautwein, S., Barisch-Fritz, B., Scharpf, A., Krell-Roesch, J., Nigg, C. R., &amp; Woll, A. (2021). Effects of a 16-week multimodal exercise program on activities of daily living in institutionalized individuals with dementia.\u00a0<i>German Journal of Exercise and Sport Research<\/i>,\u00a0<i>51<\/i>(4), 506-517.<\/li>\n<li>Graessel, E., Stemmer, R., Eichenseer, B., Pickel, S., Donath, C., Kornhuber, J., &amp; Luttenberger, K. (2011). Non-pharmacological, multicomponent group therapy in patients with degenerative dementia: a 12-month randomized, controlled trial.\u00a0<i>BMC Medicine<\/i>,\u00a0<i>9<\/i>, 1-11.<\/li>\n<li>Luttenberger, K., Hofner, B., &amp; Graessel, E. (2012). Are the effects of a non-drug multimodal activation therapy of dementia sustainable? Follow-up study 10 months after completion of a randomised controlled trial.\u00a0<i>BMC Neurology<\/i>,\u00a0<i>12<\/i>, 1-9.<\/li>\n<li>Pickel, S., Gr\u00e4\u00dfel, E., &amp; Luttenberger, K. (2011). Efficacy of an occupational group therapy in degenerative dementias: a controlled study in the nursing home setting.\u00a0<i>Psychiatrische Praxis<\/i>,\u00a0<i>38<\/i>(8), 389-396.<\/li>\n<li>Stemmer, R., Gr\u00e4\u00dfel, E., &amp; Schmid, M. (2019). Einzelaktivierung von Menschen mit Demenz im h\u00e4uslichen Setting: Eine randomisierte kontrollierte Studie.\u00a0<i>Zeitschrift f\u00fcr Gerontologie und Geriatrie<\/i>,\u00a0<i>52<\/i>(3).<\/li>\n<li>Sulzer, P., Liebig, L., Csoti, I., Graessel, E., Wurster, I., Berg, D., &amp; Liepelt-Scarfone, I. (2020). A time-efficient screening tool for activities of daily living functions in Parkinson\u2019s disease dementia.\u00a0<i>Journal of clinical and experimental neuropsychology<\/i>,\u00a0<i>42<\/i>(8), 867-879.<\/li>\n<li>Trautwein, S., Barisch-Fritz, B., Scharpf, A., Bossers, W., Meinzer, M., Steib, S., &#8230; &amp; Woll, A. (2019). Recommendations for assessing motor performance in individuals with dementia: suggestions of an expert panel\u2013a qualitative approach.\u00a0<i>European Review of Aging and Physical Activity<\/i>,\u00a0<i>16<\/i>, 1-14.<\/li>\n<li>Trautwein, S., Scharpf, A., Barisch-Fritz, B., Niermann, C., &amp; Woll, A. (2017). Effectiveness of a 16-week multimodal exercise program on individuals with dementia: study protocol for a multicenter randomized controlled trial.\u00a0<i>JMIR Research Protocols<\/i>,\u00a0<i>6<\/i>(3), e6792.<\/li>\n<\/ul>\n<p><strong>Netherlands<\/strong><\/p>\n<ul>\n<li>Bossers, W. J., Van der Woude, L. H., Boersma, F., Hortob\u00e1gyi, T., Scherder, E. J., &amp; Van Heuvelen, M. J. (2016). Comparison of effect of two exercise programs on activities of daily living in individuals with dementia: a 9\u2010week randomized, controlled trial.\u00a0<i>Journal of the American Geriatrics Society<\/i>,\u00a0<i>64<\/i>(6), 1258-1266.<\/li>\n<li>Henskens, M., Nauta, I. M., Drost, K. T., Milders, M. V., &amp; Scherder, E. J. (2019). Predictors of care dependency in nursing home residents with moderate to severe dementia: a cross-sectional study.\u00a0<i>International Journal of Nursing Studies<\/i>,\u00a0<i>92<\/i>, 47-54.<\/li>\n<li>Henskens, M., Nauta, I. M., Drost, K. T., &amp; Scherder, E. J. (2018). The effects of movement stimulation on activities of daily living performance and quality of life in nursing home residents with dementia: a randomized controlled trial.\u00a0<i>Clinical Interventions in Aging<\/i>, 805-817.<\/li>\n<\/ul>\n<p><strong>United Kingdom<\/strong><\/p>\n<ul>\n<li>Gangannagaripalli, J., Vardy, E. R., &amp; Stanmore, E. (2024). A digital program to prevent falls and improve well-being in people living with dementia in the community: the KOKU-LITE feasibility Randomised Controlled Trial protocol.\u00a0<i>medRxiv<\/i>, 2024-07.<\/li>\n<\/ul>\n<p>&nbsp;<\/p>\n<p>&nbsp;<\/p>\n","protected":false},"excerpt":{"rendered":"<p>Below you can find a selection of research projects and studies that have used the Erlangen Test of Activities of Daily Living (E-ADL). The list is not intended to be&hellip;<!--&hellip;--> <a class=\"more-link fa fa-angle-double-right\" href=\"https:\/\/www.caregiving-tests.de\/en\/e-adl-forschung\/\" title=\"Read more about &quot;Research - E-ADL&quot;\"><\/a><\/p>\n","protected":false},"author":5160,"featured_media":0,"parent":0,"menu_order":0,"comment_status":"closed","ping_status":"closed","template":"","meta":{"_rrze_cache":"enabled","_rrze_multilang_single_locale":"en_GB","_rrze_multilang_single_source":"https:\/\/www.caregiving-tests.de\/?page_id=1303","footnotes":""},"page_category":[13],"page_tag":[],"class_list":["post-2129","page","type-page","status-publish","hentry","page_category-e-adl","en-GB"],"_links":{"self":[{"href":"https:\/\/www.caregiving-tests.de\/wp-json\/wp\/v2\/pages\/2129","targetHints":{"allow":["GET"]}}],"collection":[{"href":"https:\/\/www.caregiving-tests.de\/wp-json\/wp\/v2\/pages"}],"about":[{"href":"https:\/\/www.caregiving-tests.de\/wp-json\/wp\/v2\/types\/page"}],"author":[{"embeddable":true,"href":"https:\/\/www.caregiving-tests.de\/wp-json\/wp\/v2\/users\/5160"}],"replies":[{"embeddable":true,"href":"https:\/\/www.caregiving-tests.de\/wp-json\/wp\/v2\/comments?post=2129"}],"version-history":[{"count":3,"href":"https:\/\/www.caregiving-tests.de\/wp-json\/wp\/v2\/pages\/2129\/revisions"}],"predecessor-version":[{"id":2874,"href":"https:\/\/www.caregiving-tests.de\/wp-json\/wp\/v2\/pages\/2129\/revisions\/2874"}],"wp:attachment":[{"href":"https:\/\/www.caregiving-tests.de\/wp-json\/wp\/v2\/media?parent=2129"}],"wp:term":[{"taxonomy":"page_category","embeddable":true,"href":"https:\/\/www.caregiving-tests.de\/wp-json\/wp\/v2\/page_category?post=2129"},{"taxonomy":"page_tag","embeddable":true,"href":"https:\/\/www.caregiving-tests.de\/wp-json\/wp\/v2\/page_tag?post=2129"}],"curies":[{"name":"wp","href":"https:\/\/api.w.org\/{rel}","templated":true}]}}