{"id":2040,"date":"2025-09-20T12:01:14","date_gmt":"2025-09-20T10:01:14","guid":{"rendered":"https:\/\/www.caregiving-tests.de\/?page_id=2040"},"modified":"2025-10-03T18:12:33","modified_gmt":"2025-10-03T16:12:33","slug":"benefitsskala-forschung","status":"publish","type":"page","link":"https:\/\/www.caregiving-tests.de\/en\/benefitsskala-forschung\/","title":{"rendered":"Research &#8211; BBCS"},"content":{"rendered":"<p>Below you can find a selection of research projects and studies that have used the Benefits of Being a Caregiver Scale. The list is not intended to be exhaustive. If your project ist not listed here, please contact us <a href=\"https:\/\/www.caregiving-tests.de\/en\/kontakt\/\">here<\/a>.<\/p>\n<p><strong>Germany<\/strong><\/p>\n<ul>\n<li>B\u00f6sl, S., Diehl, K., Pendergrass, A., &amp; Gr\u00e4\u00dfel, E. (2024). Tagespflege: Wer nutzt sie und wer m\u00f6chte sie nutzen? Multivariable Analyse der aktuellen und zuk\u00fcnftigen Inanspruchnahme der Tagespflege bei der h\u00e4uslichen Pflege.\u00a0<i>Das Gesundheitswesen<\/i>,\u00a0<i>86<\/i>(S 01), S29-S36.<\/li>\n<li>Heckel, M., &amp; Herbst, F. A. (2024). Non-kin caregivers of terminally ill people: Contributions, experiences, and needs: A protocol for a mixed-methods study. <em>PloS one, 19<\/em>(6), e0306282.<\/li>\n<li>Keck, A., Pendergrass, A., &amp; Gr\u00e4\u00dfel, E. (2024). Pflegebed\u00fcrftigkeit im Alter: Angeh\u00f6rigen-und Versorgungssituation im Zusammenhang mit den Pflegegraden bei h\u00e4uslicher Pflege. <em>Das Gesundheitswesen, 86<\/em>(S 01), S3-S12.<\/li>\n<li>Scheuermann, J. S., Gr\u00e4\u00dfel, E., &amp; Pendergrass, A. (2024). Vereinbarkeit von Erwerbst\u00e4tigkeit und h\u00e4uslicher Pflege: Einflussfaktoren auf eine pflegebedingte Erwerbst\u00e4tigkeitsreduktion und arbeitsbezogene W\u00fcnsche pflegender Angeh\u00f6riger.\u00a0<i>Das Gesundheitswesen<\/i>,\u00a0<i>86<\/i>(S 01), S45-S53.<\/li>\n<\/ul>\n","protected":false},"excerpt":{"rendered":"<p>Below you can find a selection of research projects and studies that have used the Benefits of Being a Caregiver Scale. The list is not intended to be exhaustive. If&hellip;<!--&hellip;--> <a class=\"more-link fa fa-angle-double-right\" href=\"https:\/\/www.caregiving-tests.de\/en\/benefitsskala-forschung\/\" title=\"Read more about &quot;Research - BBCS&quot;\"><\/a><\/p>\n","protected":false},"author":5160,"featured_media":0,"parent":0,"menu_order":0,"comment_status":"closed","ping_status":"closed","template":"","meta":{"_rrze_cache":"enabled","_rrze_multilang_single_locale":"en_GB","_rrze_multilang_single_source":"https:\/\/www.caregiving-tests.de\/?page_id=793","footnotes":""},"page_category":[6],"page_tag":[],"class_list":["post-2040","page","type-page","status-publish","hentry","page_category-benefits","en-GB"],"_links":{"self":[{"href":"https:\/\/www.caregiving-tests.de\/wp-json\/wp\/v2\/pages\/2040","targetHints":{"allow":["GET"]}}],"collection":[{"href":"https:\/\/www.caregiving-tests.de\/wp-json\/wp\/v2\/pages"}],"about":[{"href":"https:\/\/www.caregiving-tests.de\/wp-json\/wp\/v2\/types\/page"}],"author":[{"embeddable":true,"href":"https:\/\/www.caregiving-tests.de\/wp-json\/wp\/v2\/users\/5160"}],"replies":[{"embeddable":true,"href":"https:\/\/www.caregiving-tests.de\/wp-json\/wp\/v2\/comments?post=2040"}],"version-history":[{"count":3,"href":"https:\/\/www.caregiving-tests.de\/wp-json\/wp\/v2\/pages\/2040\/revisions"}],"predecessor-version":[{"id":2553,"href":"https:\/\/www.caregiving-tests.de\/wp-json\/wp\/v2\/pages\/2040\/revisions\/2553"}],"wp:attachment":[{"href":"https:\/\/www.caregiving-tests.de\/wp-json\/wp\/v2\/media?parent=2040"}],"wp:term":[{"taxonomy":"page_category","embeddable":true,"href":"https:\/\/www.caregiving-tests.de\/wp-json\/wp\/v2\/page_category?post=2040"},{"taxonomy":"page_tag","embeddable":true,"href":"https:\/\/www.caregiving-tests.de\/wp-json\/wp\/v2\/page_tag?post=2040"}],"curies":[{"name":"wp","href":"https:\/\/api.w.org\/{rel}","templated":true}]}}